{"id":19,"date":"2024-11-04T13:15:40","date_gmt":"2024-11-04T13:15:40","guid":{"rendered":"https:\/\/mondesirdailleurs.fr\/?page_id=19"},"modified":"2025-09-25T20:40:24","modified_gmt":"2025-09-25T20:40:24","slug":"inspirations","status":"publish","type":"page","link":"https:\/\/mondesirdailleurs.fr\/en\/inspirations\/","title":{"rendered":"INSPIRATIONS"},"content":{"rendered":"<div id=\"fws_69f6465faba66\"  data-column-margin=\"default\" data-midnight=\"dark\" data-top-percent=\"3%\"  class=\"wpb_row vc_row-fluid vc_row full-width-section\"  style=\"padding-top: calc(100vw * 0.03); padding-bottom: 0px; \"><div class=\"row-bg-wrap\" data-bg-animation=\"none\" data-bg-animation-delay=\"\" data-bg-overlay=\"false\"><div class=\"inner-wrap row-bg-layer\" ><div class=\"row-bg viewport-desktop\"  style=\"\"><\/div><\/div><\/div><div class=\"row_col_wrap_12 col span_12 dark left\">\n\t<div  class=\"vc_col-sm-12 wpb_column column_container vc_column_container col no-extra-padding inherit_tablet inherit_phone\"  data-padding-pos=\"all\" data-has-bg-color=\"false\" data-bg-color=\"\" data-bg-opacity=\"1\" data-animation=\"\" data-delay=\"0\" >\n\t\t<div class=\"vc_column-inner\" >\n\t\t\t<div class=\"wpb_wrapper\">\n\t\t\t\t<div class=\"nectar-responsive-text font_size_desktop_60px font_size_phone_35px font_line_height_1px nectar-link-underline-effect\" style=\"color: #d15900;\"><h1 style=\"text-align: center\"><span style=\"font-family: kiro-extra-bold\">INSPIRATIONS<\/span><\/h1>\n<\/div>\n\t\t\t<\/div> \n\t\t<\/div>\n\t<\/div> \n<\/div><\/div>\n\t\t<div id=\"fws_69f6465fac04c\"  data-column-margin=\"default\" data-midnight=\"dark\"  class=\"wpb_row vc_row-fluid vc_row\"  style=\"padding-top: 0px; padding-bottom: 0px; \"><div class=\"row-bg-wrap\" data-bg-animation=\"none\" data-bg-animation-delay=\"\" data-bg-overlay=\"false\"><div class=\"inner-wrap row-bg-layer\" ><div class=\"row-bg viewport-desktop using-bg-color\"  style=\"background-color: #ffffff; \"><\/div><\/div><\/div><div class=\"row_col_wrap_12 col span_12 dark left\">\n\t<div  class=\"vc_col-sm-12 wpb_column column_container vc_column_container col no-extra-padding inherit_tablet inherit_phone\"  data-padding-pos=\"all\" data-has-bg-color=\"false\" data-bg-color=\"\" data-bg-opacity=\"1\" data-animation=\"\" data-delay=\"0\" >\n\t\t<div class=\"vc_column-inner\" >\n\t\t\t<div class=\"wpb_wrapper\">\n\t\t\t\t\n\t<div class=\"wpb_raw_code wpb_raw_html wpb_content_element\" >\n\t\t<div class=\"wpb_wrapper\">\n\t\t\t<div class=\"map_wrapper\" id=\"map_wrapper_69\">\n<div class=\"map_box\" style=\"max-width:2000px\">\n<div class=\"map_aspect_ratio\" style=\"padding-top:56%\" data-padding-top=\"56%\" data-padding-top-mobile=\"0%\">\n<div class=\"map_container\">\n<div class=\"map_render map_loading\" id=\"map_69\"><\/div>\n<\/div>\n<\/div>\n<\/div>\n<\/div>\n\t\t<\/div>\n\t<\/div>\n\n\t\t\t<\/div> \n\t\t<\/div>\n\t<\/div> \n<\/div><\/div>\n\t\t<div id=\"fws_69f6465facba5\"  data-column-margin=\"default\" data-midnight=\"dark\" data-top-percent=\"3%\"  class=\"wpb_row vc_row-fluid vc_row full-width-content vc_row-o-equal-height vc_row-flex vc_row-o-content-top\"  style=\"padding-top: calc(100vw * 0.03); padding-bottom: 0px; \"><div class=\"row-bg-wrap\" data-bg-animation=\"none\" data-bg-animation-delay=\"\" data-bg-overlay=\"false\"><div class=\"inner-wrap row-bg-layer\" ><div class=\"row-bg viewport-desktop\"  style=\"\"><\/div><\/div><\/div><div class=\"row_col_wrap_12 col span_12 dark left\">\n\t<div  class=\"vc_col-sm-12 wpb_column column_container vc_column_container col no-extra-padding el_spacing_0px inherit_tablet inherit_phone\"  data-padding-pos=\"all\" data-has-bg-color=\"false\" data-bg-color=\"\" data-bg-opacity=\"1\" data-animation=\"\" data-delay=\"0\" >\n\t\t<div class=\"vc_column-inner\" >\n\t\t\t<div class=\"wpb_wrapper\">\n\t\t\t\t<div class=\"nectar-responsive-text font_size_desktop_60px font_size_phone_35px font_line_height_1px nectar-link-underline-effect\" style=\"color: #d15900;\"><h2 style=\"text-align: center\">Our motorcycle trips<\/h2>\n<h2 style=\"text-align: center\">Road &amp; Off-road<\/h2>\n<\/div><div class=\"divider-wrap\" data-alignment=\"default\"><div style=\"height: 25px;\" class=\"divider\"><\/div><\/div><div class=\"divider-wrap\" data-alignment=\"default\"><div style=\"height: 50px;\" class=\"divider\"><\/div><\/div><div class=\"nectar-cta  hover_color_d15900 text_hover_color_f8eecb border_color_d15900 hover_border_color_f8eecb border_thickness_3px border_radius_15px alignment_tablet_default alignment_phone_default display_tablet_inherit display_phone_inherit\" data-color=\"extra-color-3\" data-using-bg=\"true\" data-style=\"basic\" data-display=\"block\" data-alignment=\"center\" data-text-color=\"custom\" ><h3 style=\"color: #d15900;\"><span class=\"link_wrap\" style=\"padding-top: 5px; padding-right: 10px; padding-bottom: 5px; padding-left: 10px;\"><a  class=\"link_text\" role=\"button\" href=\"https:\/\/mondesirdailleurs.fr\/en\/destinations\/\"><span class=\"text\">This page is updated regularly!<\/span><\/a><\/span><\/h3><\/div><div class=\"divider-wrap\" data-alignment=\"default\"><div style=\"height: 50px;\" class=\"divider\"><\/div><\/div><div class='nectar-post-grid-wrap text-color-light spacing-none' data-el-settings='{\"post_type\":\"custom\",\"pagination\":\"none\",\"image_size\":\"medium\",\"parallax_scrolling\":\"\",\"aspect_ratio_image_size\":\"\",\"category_position\":\"default\",\"category_display\":\"default\",\"display_categories\":\"0\",\"display_excerpt\":\"0\",\"excerpt_length\":\"20\",\"display_date\":\"0\",\"display_estimated_reading_time\":\"0\",\"display_author\":\"0\",\"author_functionality\":\"default\",\"author_position\":\"default\",\"color_overlay\":\"\",\"color_overlay_opacity\":\"0.3\",\"color_overlay_hover_opacity\":\"0.4\",\"card_bg_color\":\"\",\"grid_style\":\"content_overlaid\",\"hover_effect\":\"zoom\",\"post_title_overlay\":\"\",\"heading_tag\":\"h2\",\"enable_gallery_lightbox\":\"0\",\"category_style\":\"underline\",\"overlay_secondary_project_image\":\"\",\"vertical_list_hover_effect\":\"none\",\"vertical_list_read_more\":\"\",\"read_more_button\":\"0\",\"animation\":\"fade-in-from-bottom\"}' data-style='content_overlaid' data-query='{\"post_type\":\"custom\",\"posts_per_page\":\"12\",\"order\":\"DESC\",\"orderby\":\"date\",\"offset\":\"0\",\"cpt_name\":\"mes_destinations\",\"custom_query_tax\":\"\",\"ignore_sticky_posts\":\"\"}' data-load-more-color='black' data-load-more-text='Load More'><div class=\"nectar-post-grid text-opacity-1 text-opacity-hover-1 category-position-before-title\" data-indicator=\"\" data-indicator-style=\"default\" data-indicator-text-color=\"#fff\" data-indicator-color=\"#000\" data-indicator-text=\"View\" data-masonry=\"yes\" data-columns=\"4\" data-hover-effect=\"zoom\" data-text-style=\"default\" data-border-radius=\"none\" data-grid-item-height=\"30vh\" data-grid-spacing=\"none\" data-text-layout=\"all_top_left\" data-text-color=\"light\" data-text-hover-color=\"light\" data-shadow-hover=\"\" data-animation=\"fade-in-from-bottom\" data-animation-stagger=\"100\" data-cat-click=\"default\" ><div class=\"nectar-post-grid-item\" data-post-id=\"561\" data-has-img=\"true\"> <div class=\"inner\"><div class=\"nectar-post-grid-item-bg-wrap\"><div class=\"nectar-post-grid-item-bg-wrap-inner\"><div class=\"nectar-post-grid-item-bg\"><img loading=\"lazy\" decoding=\"async\" width=\"300\" height=\"169\" src=\"https:\/\/mondesirdailleurs.fr\/wp-content\/uploads\/2024\/11\/IMG_9846-300x169.jpeg\" class=\"attachment-medium size-medium wp-post-image\" alt=\"\" srcset=\"https:\/\/mondesirdailleurs.fr\/wp-content\/uploads\/2024\/11\/IMG_9846-300x169.jpeg 300w, https:\/\/mondesirdailleurs.fr\/wp-content\/uploads\/2024\/11\/IMG_9846-1024x576.jpeg 1024w, https:\/\/mondesirdailleurs.fr\/wp-content\/uploads\/2024\/11\/IMG_9846-768x432.jpeg 768w, https:\/\/mondesirdailleurs.fr\/wp-content\/uploads\/2024\/11\/IMG_9846-1536x864.jpeg 1536w, https:\/\/mondesirdailleurs.fr\/wp-content\/uploads\/2024\/11\/IMG_9846-2048x1152.jpeg 2048w, https:\/\/mondesirdailleurs.fr\/wp-content\/uploads\/2024\/11\/IMG_9846-18x10.jpeg 18w, https:\/\/mondesirdailleurs.fr\/wp-content\/uploads\/2024\/11\/IMG_9846-600x338.jpeg 600w\" sizes=\"auto, (max-width: 300px) 100vw, 300px\" \/><\/div><\/div><\/div><div class=\"bg-overlay\"  data-opacity=\"0.3\" data-hover-opacity=\"0.4\"><\/div><div class=\"content\"><a class=\"nectar-post-grid-link\" href=\"https:\/\/mondesirdailleurs.fr\/en\/mes_destinations\/dolomites\/\" aria-label=\"THE DOLOMITES IN 10 DAYS\"><\/a><div class=\"item-main\"><h2 class=\"post-heading\"><a href=\"https:\/\/mondesirdailleurs.fr\/en\/mes_destinations\/dolomites\/\"><span>THE DOLOMITES IN 10 DAYS<\/span><\/a><\/h2><\/div><\/div><\/div><\/div><div class=\"nectar-post-grid-item\" data-post-id=\"492\" data-has-img=\"true\"> <div class=\"inner\"><div class=\"nectar-post-grid-item-bg-wrap\"><div class=\"nectar-post-grid-item-bg-wrap-inner\"><div class=\"nectar-post-grid-item-bg\"><img loading=\"lazy\" decoding=\"async\" width=\"300\" height=\"225\" src=\"https:\/\/mondesirdailleurs.fr\/wp-content\/uploads\/2024\/11\/IMG_8627-300x225.jpeg\" class=\"attachment-medium size-medium wp-post-image\" alt=\"dolomites\" srcset=\"https:\/\/mondesirdailleurs.fr\/wp-content\/uploads\/2024\/11\/IMG_8627-300x225.jpeg 300w, https:\/\/mondesirdailleurs.fr\/wp-content\/uploads\/2024\/11\/IMG_8627-1024x768.jpeg 1024w, https:\/\/mondesirdailleurs.fr\/wp-content\/uploads\/2024\/11\/IMG_8627-768x576.jpeg 768w, https:\/\/mondesirdailleurs.fr\/wp-content\/uploads\/2024\/11\/IMG_8627-1536x1152.jpeg 1536w, https:\/\/mondesirdailleurs.fr\/wp-content\/uploads\/2024\/11\/IMG_8627-2048x1536.jpeg 2048w, https:\/\/mondesirdailleurs.fr\/wp-content\/uploads\/2024\/11\/IMG_8627-16x12.jpeg 16w, https:\/\/mondesirdailleurs.fr\/wp-content\/uploads\/2024\/11\/IMG_8627-600x450.jpeg 600w\" sizes=\"auto, (max-width: 300px) 100vw, 300px\" \/><\/div><\/div><\/div><div class=\"bg-overlay\"  data-opacity=\"0.3\" data-hover-opacity=\"0.4\"><\/div><div class=\"content\"><a class=\"nectar-post-grid-link\" href=\"https:\/\/mondesirdailleurs.fr\/en\/mes_destinations\/dolomites-2\/\" aria-label=\"THE DOLOMITES VIA THE SWISS ALPS\"><\/a><div class=\"item-main\"><h2 class=\"post-heading\"><a href=\"https:\/\/mondesirdailleurs.fr\/en\/mes_destinations\/dolomites-2\/\"><span>THE DOLOMITES VIA THE SWISS ALPS<\/span><\/a><\/h2><\/div><\/div><\/div><\/div><div class=\"nectar-post-grid-item\" data-post-id=\"488\" data-has-img=\"true\"> <div class=\"inner\"><div class=\"nectar-post-grid-item-bg-wrap\"><div class=\"nectar-post-grid-item-bg-wrap-inner\"><div class=\"nectar-post-grid-item-bg\"><img loading=\"lazy\" decoding=\"async\" width=\"300\" height=\"201\" src=\"https:\/\/mondesirdailleurs.fr\/wp-content\/uploads\/2024\/11\/IMG_1639-300x201.jpg\" class=\"attachment-medium size-medium wp-post-image\" alt=\"bonifacio\" srcset=\"https:\/\/mondesirdailleurs.fr\/wp-content\/uploads\/2024\/11\/IMG_1639-300x201.jpg 300w, https:\/\/mondesirdailleurs.fr\/wp-content\/uploads\/2024\/11\/IMG_1639-1024x686.jpg 1024w, https:\/\/mondesirdailleurs.fr\/wp-content\/uploads\/2024\/11\/IMG_1639-768x515.jpg 768w, https:\/\/mondesirdailleurs.fr\/wp-content\/uploads\/2024\/11\/IMG_1639-1536x1029.jpg 1536w, https:\/\/mondesirdailleurs.fr\/wp-content\/uploads\/2024\/11\/IMG_1639-18x12.jpg 18w, https:\/\/mondesirdailleurs.fr\/wp-content\/uploads\/2024\/11\/IMG_1639-600x402.jpg 600w, https:\/\/mondesirdailleurs.fr\/wp-content\/uploads\/2024\/11\/IMG_1639-900x600.jpg 900w, https:\/\/mondesirdailleurs.fr\/wp-content\/uploads\/2024\/11\/IMG_1639-400x269.jpg 400w, https:\/\/mondesirdailleurs.fr\/wp-content\/uploads\/2024\/11\/IMG_1639.jpg 2048w\" sizes=\"auto, (max-width: 300px) 100vw, 300px\" \/><\/div><\/div><\/div><div class=\"bg-overlay\"  data-opacity=\"0.3\" data-hover-opacity=\"0.4\"><\/div><div class=\"content\"><a class=\"nectar-post-grid-link\" href=\"https:\/\/mondesirdailleurs.fr\/en\/mes_destinations\/corse\/\" aria-label=\"TOUR AROUND CORSICA\"><\/a><div class=\"item-main\"><h2 class=\"post-heading\"><a href=\"https:\/\/mondesirdailleurs.fr\/en\/mes_destinations\/corse\/\"><span>TOUR AROUND CORSICA<\/span><\/a><\/h2><\/div><\/div><\/div><\/div><\/div><\/div>\n\t\t\t<\/div> \n\t\t<\/div>\n\t<\/div> \n<\/div><\/div>","protected":false},"excerpt":{"rendered":"Voyage accompagn\u00e9 du 25 octobre au 1er novembre 2025 &nbsp; Pendant 7 jours au guidon de ta moto, je t\u2019emm\u00e8ne d\u00e9couvrir les plus beaux tr\u00e9sors de l\u2019\u00cele de Beaut\u00e9. Un...","protected":false},"author":1,"featured_media":0,"parent":0,"menu_order":0,"comment_status":"closed","ping_status":"closed","template":"","meta":{"_joinchat":[],"footnotes":""},"class_list":["post-19","page","type-page","status-publish"],"yoast_head":"<!-- This site is optimized with the Yoast SEO plugin v27.4 - https:\/\/yoast.com\/product\/yoast-seo-wordpress\/ -->\n<title>INSPIRATIONS - mon d\u00e9sir d&#039;ailleurs<\/title>\n<meta name=\"robots\" content=\"index, follow, max-snippet:-1, max-image-preview:large, max-video-preview:-1\" \/>\n<link rel=\"canonical\" href=\"https:\/\/mondesirdailleurs.fr\/en\/inspirations\/\" \/>\n<meta property=\"og:locale\" content=\"en_US\" \/>\n<meta property=\"og:type\" content=\"article\" \/>\n<meta property=\"og:title\" content=\"INSPIRATIONS - mon d\u00e9sir d&#039;ailleurs\" \/>\n<meta property=\"og:url\" content=\"https:\/\/mondesirdailleurs.fr\/en\/inspirations\/\" \/>\n<meta property=\"og:site_name\" content=\"mon d\u00e9sir d&#039;ailleurs\" \/>\n<meta property=\"article:modified_time\" content=\"2025-09-25T20:40:24+00:00\" \/>\n<meta name=\"twitter:card\" content=\"summary_large_image\" \/>\n<meta name=\"twitter:label1\" content=\"Est. reading time\" \/>\n\t<meta name=\"twitter:data1\" content=\"4 minutes\" \/>\n<script type=\"application\/ld+json\" class=\"yoast-schema-graph\">{\"@context\":\"https:\\\/\\\/schema.org\",\"@graph\":[{\"@type\":\"WebPage\",\"@id\":\"https:\\\/\\\/mondesirdailleurs.fr\\\/inspirations\\\/\",\"url\":\"https:\\\/\\\/mondesirdailleurs.fr\\\/inspirations\\\/\",\"name\":\"INSPIRATIONS - mon d\u00e9sir d&#039;ailleurs\",\"isPartOf\":{\"@id\":\"https:\\\/\\\/mondesirdailleurs.fr\\\/#website\"},\"datePublished\":\"2024-11-04T13:15:40+00:00\",\"dateModified\":\"2025-09-25T20:40:24+00:00\",\"breadcrumb\":{\"@id\":\"https:\\\/\\\/mondesirdailleurs.fr\\\/inspirations\\\/#breadcrumb\"},\"inLanguage\":\"en-US\",\"potentialAction\":[{\"@type\":\"ReadAction\",\"target\":[\"https:\\\/\\\/mondesirdailleurs.fr\\\/inspirations\\\/\"]}]},{\"@type\":\"BreadcrumbList\",\"@id\":\"https:\\\/\\\/mondesirdailleurs.fr\\\/inspirations\\\/#breadcrumb\",\"itemListElement\":[{\"@type\":\"ListItem\",\"position\":1,\"name\":\"Accueil\",\"item\":\"https:\\\/\\\/mondesirdailleurs.fr\\\/\"},{\"@type\":\"ListItem\",\"position\":2,\"name\":\"INSPIRATIONS\"}]},{\"@type\":\"WebSite\",\"@id\":\"https:\\\/\\\/mondesirdailleurs.fr\\\/#website\",\"url\":\"https:\\\/\\\/mondesirdailleurs.fr\\\/\",\"name\":\"mon d\u00e9sir d&#039;ailleurs\",\"description\":\"mon d\u00e9sir d&#039;ailleurs\",\"potentialAction\":[{\"@type\":\"SearchAction\",\"target\":{\"@type\":\"EntryPoint\",\"urlTemplate\":\"https:\\\/\\\/mondesirdailleurs.fr\\\/?s={search_term_string}\"},\"query-input\":{\"@type\":\"PropertyValueSpecification\",\"valueRequired\":true,\"valueName\":\"search_term_string\"}}],\"inLanguage\":\"en-US\"}]}<\/script>\n<!-- \/ Yoast SEO plugin. -->","yoast_head_json":{"title":"INSPIRATIONS - mon d\u00e9sir d&#039;ailleurs","robots":{"index":"index","follow":"follow","max-snippet":"max-snippet:-1","max-image-preview":"max-image-preview:large","max-video-preview":"max-video-preview:-1"},"canonical":"https:\/\/mondesirdailleurs.fr\/en\/inspirations\/","og_locale":"en_US","og_type":"article","og_title":"INSPIRATIONS - mon d\u00e9sir d&#039;ailleurs","og_url":"https:\/\/mondesirdailleurs.fr\/en\/inspirations\/","og_site_name":"mon d\u00e9sir d&#039;ailleurs","article_modified_time":"2025-09-25T20:40:24+00:00","twitter_card":"summary_large_image","twitter_misc":{"Est. reading time":"4 minutes"},"schema":{"@context":"https:\/\/schema.org","@graph":[{"@type":"WebPage","@id":"https:\/\/mondesirdailleurs.fr\/inspirations\/","url":"https:\/\/mondesirdailleurs.fr\/inspirations\/","name":"INSPIRATIONS - mon d\u00e9sir d&#039;ailleurs","isPartOf":{"@id":"https:\/\/mondesirdailleurs.fr\/#website"},"datePublished":"2024-11-04T13:15:40+00:00","dateModified":"2025-09-25T20:40:24+00:00","breadcrumb":{"@id":"https:\/\/mondesirdailleurs.fr\/inspirations\/#breadcrumb"},"inLanguage":"en-US","potentialAction":[{"@type":"ReadAction","target":["https:\/\/mondesirdailleurs.fr\/inspirations\/"]}]},{"@type":"BreadcrumbList","@id":"https:\/\/mondesirdailleurs.fr\/inspirations\/#breadcrumb","itemListElement":[{"@type":"ListItem","position":1,"name":"Accueil","item":"https:\/\/mondesirdailleurs.fr\/"},{"@type":"ListItem","position":2,"name":"INSPIRATIONS"}]},{"@type":"WebSite","@id":"https:\/\/mondesirdailleurs.fr\/#website","url":"https:\/\/mondesirdailleurs.fr\/","name":"mon d\u00e9sir d&#039;ailleurs","description":"mon d\u00e9sir d&#039;ailleurs","potentialAction":[{"@type":"SearchAction","target":{"@type":"EntryPoint","urlTemplate":"https:\/\/mondesirdailleurs.fr\/?s={search_term_string}"},"query-input":{"@type":"PropertyValueSpecification","valueRequired":true,"valueName":"search_term_string"}}],"inLanguage":"en-US"}]}},"_links":{"self":[{"href":"https:\/\/mondesirdailleurs.fr\/en\/wp-json\/wp\/v2\/pages\/19","targetHints":{"allow":["GET"]}}],"collection":[{"href":"https:\/\/mondesirdailleurs.fr\/en\/wp-json\/wp\/v2\/pages"}],"about":[{"href":"https:\/\/mondesirdailleurs.fr\/en\/wp-json\/wp\/v2\/types\/page"}],"author":[{"embeddable":true,"href":"https:\/\/mondesirdailleurs.fr\/en\/wp-json\/wp\/v2\/users\/1"}],"replies":[{"embeddable":true,"href":"https:\/\/mondesirdailleurs.fr\/en\/wp-json\/wp\/v2\/comments?post=19"}],"version-history":[{"count":60,"href":"https:\/\/mondesirdailleurs.fr\/en\/wp-json\/wp\/v2\/pages\/19\/revisions"}],"predecessor-version":[{"id":1255,"href":"https:\/\/mondesirdailleurs.fr\/en\/wp-json\/wp\/v2\/pages\/19\/revisions\/1255"}],"wp:attachment":[{"href":"https:\/\/mondesirdailleurs.fr\/en\/wp-json\/wp\/v2\/media?parent=19"}],"curies":[{"name":"wp","href":"https:\/\/api.w.org\/{rel}","templated":true}]}}