{"id":3,"date":"2024-11-04T13:02:37","date_gmt":"2024-11-04T13:02:37","guid":{"rendered":"https:\/\/mondesirdailleurs.fr\/?page_id=3"},"modified":"2025-10-02T20:23:50","modified_gmt":"2025-10-02T20:23:50","slug":"privacy-policy","status":"publish","type":"page","link":"https:\/\/mondesirdailleurs.fr\/en\/privacy-policy\/","title":{"rendered":"Privacy policy"},"content":{"rendered":"<div id=\"fws_69f6465fabb18\"  data-column-margin=\"default\" data-midnight=\"dark\"  class=\"wpb_row vc_row-fluid vc_row\"  style=\"padding-top: 0px; padding-bottom: 0px; \"><div class=\"row-bg-wrap\" data-bg-animation=\"none\" data-bg-animation-delay=\"\" data-bg-overlay=\"false\"><div class=\"inner-wrap row-bg-layer\" ><div class=\"row-bg viewport-desktop\"  style=\"\"><\/div><\/div><\/div><div class=\"row_col_wrap_12 col span_12 dark left\">\n\t<div  class=\"vc_col-sm-12 wpb_column column_container vc_column_container col no-extra-padding inherit_tablet inherit_phone\"  data-padding-pos=\"all\" data-has-bg-color=\"false\" data-bg-color=\"\" data-bg-opacity=\"1\" data-animation=\"\" data-delay=\"0\" >\n\t\t<div class=\"vc_column-inner\" >\n\t\t\t<div class=\"wpb_wrapper\">\n\t\t\t\t<div class=\"nectar-responsive-text nectar-link-underline-effect\" style=\"color: #31603d;\"><h1>POLITIQUE DE CONFIDENTIALIT\u00c9<\/h1>\n<\/div>\n<div class=\"wpb_text_column wpb_content_element\" >\n\t<div class=\"wpb_wrapper\">\n\t\t<h2>1. Collecte des donn\u00e9es personnelles :<\/h2>\n<p>Les donn\u00e9es collect\u00e9es sur ce site via le formulaire de contact ou lors de la cr\u00e9ation de compte client et via le formulaire d&rsquo;abonnement \u00e0 la newsletter (Club Voyage MDA) sont :<\/p>\n<ul>\n<li>Nom et pr\u00e9nom<\/li>\n<li>Adresse postale<\/li>\n<li>T\u00e9l\u00e9phone<\/li>\n<li>Email<\/li>\n<\/ul>\n<h2>2. Finalit\u00e9 des donn\u00e9es :<\/h2>\n<p>Les donn\u00e9es collect\u00e9es sont utilis\u00e9es pour les finalit\u00e9s suivantes :<\/p>\n<ul>\n<li>Cr\u00e9ation et gestion des comptes clients<\/li>\n<li>Gestion de la relation contractuelle (prestations de travel planner, conciergerie avant et apr\u00e8s<br \/>\nle voyage)<\/li>\n<li>Envoi d\u2019offres commerciales (informations, propositions d\u2019offres, pr\u00e9sentation de services)<\/li>\n<li>Envoi de newsletters (Club Voyage MDA), si le consentement a \u00e9t\u00e9 donn\u00e9 (opt-in); possibilit\u00e9 de se d\u00e9sinscrire \u00e0 tout moment.<\/li>\n<li>Gestion des litiges \u00e9ventuels<\/li>\n<\/ul>\n<h2>3. Conservation des donn\u00e9es :<\/h2>\n<p>Les donn\u00e9es collect\u00e9es sont conserv\u00e9es pendant :<\/p>\n<ul>\n<li>3 ans apr\u00e8s la derni\u00e8re interaction pour les donn\u00e9es marketing (offres commerciales,<br \/>\nnewsletters)<\/li>\n<li>La dur\u00e9e l\u00e9gale n\u00e9cessaire pour les donn\u00e9es li\u00e9es \u00e0 des contrats ou des litiges<\/li>\n<\/ul>\n<h2>4. Droits des utilisateurs :<\/h2>\n<p>Conform\u00e9ment au RGPD, vous disposez des droits suivants sur vos donn\u00e9es personnelles :<\/p>\n<ul>\n<li>Droit d&rsquo;acc\u00e8s : consulter vos donn\u00e9es personnelles<\/li>\n<li>Droit de rectification : corriger des donn\u00e9es inexactes<\/li>\n<li>Droit \u00e0 l&rsquo;effacement : demander la suppression de vos donn\u00e9es<\/li>\n<li>Droit d&rsquo;opposition : refuser l&rsquo;utilisation des donn\u00e9es pour des finalit\u00e9s sp\u00e9cifiques (ex. :<br \/>\nnewsletter)<\/li>\n<li>Droit de retrait du consentement : retirer votre consentement \u00e0 tout moment.<br \/>\nPour exercer ces droits, veuillez envoyer un email \u00e0 : nathalie@mondesirdailleurs.fr.<\/li>\n<li>Vous pouvez \u00e9galement introduire une r\u00e9clamation aupr\u00e8s de la <strong data-start=\"2049\" data-end=\"2057\">CNIL<\/strong> (<a class=\"decorated-link cursor-pointer\" target=\"_new\" rel=\"noopener\" data-start=\"2059\" data-end=\"2070\">www.cnil.fr)<\/a><\/li>\n<\/ul>\n<h2>5. Cookies :<\/h2>\n<p>Ce site n\u2019utilise pas de cookies pour collecter des donn\u00e9es personnelles, sauf si n\u00e9cessaire pour des<br \/>\nanalyses anonymes ou des fonctionnalit\u00e9s sp\u00e9cifiques.<\/p>\n<h2>6. S\u00e9curit\u00e9 des donn\u00e9es :<\/h2>\n<p>Les donn\u00e9es personnelles sont h\u00e9berg\u00e9es sur des serveurs s\u00e9curis\u00e9s par O2switch.\u00a0 Les donn\u00e9es d\u2019abonnement \u00e0 la newsletter sont trait\u00e9es et h\u00e9berg\u00e9es par notre prestataire Brevo (ex-Sendinblue), conforme au RGPD.<br data-start=\"2491\" data-end=\"2494\" \/>Aucune donn\u00e9e n\u2019est partag\u00e9e avec des tiers \u00e0 des fins commerciales sans consentement explicite.<\/p>\n<h2>7. Newsletter \/ Club Voyage MDA (Brevo)<\/h2>\n<p data-start=\"2813\" data-end=\"2911\">En vous inscrivant \u00e0 notre newsletter (<em data-start=\"2852\" data-end=\"2869\">Club Voyage MDA<\/em>), vous consentez \u00e0 recevoir par email :<\/p>\n<ul data-start=\"2912\" data-end=\"3109\">\n<li data-start=\"2912\" data-end=\"2976\">\n<p data-start=\"2914\" data-end=\"2976\">nos actualit\u00e9s et informations relatives aux voyages \u00e0 moto,<\/p>\n<\/li>\n<li data-start=\"2977\" data-end=\"3039\">\n<p data-start=\"2979\" data-end=\"3039\">des offres commerciales et avantages r\u00e9serv\u00e9s aux abonn\u00e9s,<\/p>\n<\/li>\n<li data-start=\"3040\" data-end=\"3109\">\n<p data-start=\"3042\" data-end=\"3109\">des annonces d\u2019ouverture des r\u00e9servations et de nouveaux roadbooks.<\/p>\n<\/li>\n<\/ul>\n<p data-start=\"3111\" data-end=\"3549\"><strong data-start=\"3111\" data-end=\"3131\">D\u00e9sinscription :<\/strong> vous pouvez vous d\u00e9sinscrire \u00e0 tout moment en cliquant sur le lien de d\u00e9sinscription pr\u00e9sent au bas de chaque email, ou en nous \u00e9crivant \u00e0 <strong data-start=\"3271\" data-end=\"3304\"><a class=\"decorated-link cursor-pointer\" rel=\"noopener\" data-start=\"3273\" data-end=\"3302\">nathalie@mondesirdailleurs.fr<\/a><\/strong><\/p>\n<p><strong data-start=\"3308\" data-end=\"3325\">Base l\u00e9gale :<\/strong> consentement (article 6-1 a du RGPD).<br data-start=\"3363\" data-end=\"3366\" \/><strong data-start=\"3366\" data-end=\"3392\">Opt-in :<\/strong> l\u2019inscription est r\u00e9alis\u00e9e apr\u00e8s votre soumission volontaire du formulaire ; une confirmation par email peut \u00eatre utilis\u00e9e pour s\u00e9curiser votre inscription.<\/p>\n<h2 data-start=\"3551\" data-end=\"3578\">8. Sous-traitant (Brevo)<\/h2>\n<p data-start=\"3579\" data-end=\"3963\">Pour l\u2019envoi et la gestion de la newsletter, nous utilisons <strong data-start=\"3639\" data-end=\"3664\">Brevo (ex-Sendinblue)<\/strong>, soci\u00e9t\u00e9 \u00e9tablie en France et <strong data-start=\"3695\" data-end=\"3715\">conforme au RGPD<\/strong>, qui agit en qualit\u00e9 de sous-traitant au sens du RGPD. Les donn\u00e9es transmises \u00e0 Brevo sont limit\u00e9es au strict n\u00e9cessaire (email, et le cas \u00e9ch\u00e9ant pr\u00e9nom) pour l\u2019envoi des communications. Brevo assure l\u2019h\u00e9bergement et la s\u00e9curit\u00e9 de ces donn\u00e9es.<\/p>\n<h2 data-start=\"3732\" data-end=\"3775\">9. Partage de donn\u00e9es avec partenaires<\/h2>\n<p data-start=\"3776\" data-end=\"4160\">Dans le cadre de certaines prestations, vos donn\u00e9es (nom, pr\u00e9nom, email, t\u00e9l\u00e9phone, informations relatives au projet de voyage) peuvent \u00eatre transmises \u00e0 notre partenaire <strong data-start=\"3947\" data-end=\"3957\">My Way<\/strong>, uniquement pour l\u2019\u00e9tude, la r\u00e9servation et l\u2019ex\u00e9cution du voyage concern\u00e9.<br data-start=\"4033\" data-end=\"4036\" \/>Ce partenaire agit en qualit\u00e9 de responsable de traitement ind\u00e9pendant et applique sa propre politique de confidentialit\u00e9.<\/p>\n<h2 data-start=\"4167\" data-end=\"4183\">10. Contact<\/h2>\n<p data-start=\"4184\" data-end=\"4343\">Pour toute question ou r\u00e9clamation li\u00e9e \u00e0 la gestion de vos donn\u00e9es personnelles, vous pouvez nous contacter par email \u00e0 : <strong data-start=\"4307\" data-end=\"4340\"><a class=\"decorated-link cursor-pointer\" rel=\"noopener\" data-start=\"4309\" data-end=\"4338\">nathalie@mondesirdailleurs.fr<\/a><\/strong><\/p>\n\t<\/div>\n<\/div>\n\n\n\n\n\t\t\t<\/div> \n\t\t<\/div>\n\t<\/div> \n<\/div><\/div>","protected":false},"excerpt":{"rendered":"POLITIQUE DE CONFIDENTIALIT\u00c9 1. Collecte des donn\u00e9es personnelles : Les donn\u00e9es collect\u00e9es sur ce site via le formulaire de contact ou lors de la cr\u00e9ation de compte client et via...","protected":false},"author":1,"featured_media":0,"parent":0,"menu_order":0,"comment_status":"closed","ping_status":"closed","template":"","meta":{"_joinchat":[],"footnotes":""},"class_list":["post-3","page","type-page","status-publish"],"yoast_head":"<!-- This site is optimized with the Yoast SEO plugin v27.4 - https:\/\/yoast.com\/product\/yoast-seo-wordpress\/ -->\n<title>Politique de Confidentialit\u00e9 - mon d\u00e9sir d&#039;ailleurs<\/title>\n<meta name=\"robots\" content=\"index, follow, max-snippet:-1, max-image-preview:large, max-video-preview:-1\" \/>\n<link rel=\"canonical\" href=\"https:\/\/mondesirdailleurs.fr\/en\/privacy-policy\/\" \/>\n<meta property=\"og:locale\" content=\"en_US\" \/>\n<meta property=\"og:type\" content=\"article\" \/>\n<meta property=\"og:title\" content=\"Politique de Confidentialit\u00e9 - mon d\u00e9sir d&#039;ailleurs\" \/>\n<meta property=\"og:url\" content=\"https:\/\/mondesirdailleurs.fr\/en\/privacy-policy\/\" \/>\n<meta property=\"og:site_name\" content=\"mon d\u00e9sir d&#039;ailleurs\" \/>\n<meta property=\"article:modified_time\" content=\"2025-10-02T20:23:50+00:00\" \/>\n<meta name=\"twitter:card\" content=\"summary_large_image\" \/>\n<meta name=\"twitter:label1\" content=\"Est. reading time\" \/>\n\t<meta name=\"twitter:data1\" content=\"4 minutes\" \/>\n<script type=\"application\/ld+json\" class=\"yoast-schema-graph\">{\"@context\":\"https:\\\/\\\/schema.org\",\"@graph\":[{\"@type\":\"WebPage\",\"@id\":\"https:\\\/\\\/mondesirdailleurs.fr\\\/privacy-policy\\\/\",\"url\":\"https:\\\/\\\/mondesirdailleurs.fr\\\/privacy-policy\\\/\",\"name\":\"Politique de Confidentialit\u00e9 - mon d\u00e9sir d&#039;ailleurs\",\"isPartOf\":{\"@id\":\"https:\\\/\\\/mondesirdailleurs.fr\\\/#website\"},\"datePublished\":\"2024-11-04T13:02:37+00:00\",\"dateModified\":\"2025-10-02T20:23:50+00:00\",\"breadcrumb\":{\"@id\":\"https:\\\/\\\/mondesirdailleurs.fr\\\/privacy-policy\\\/#breadcrumb\"},\"inLanguage\":\"en-US\",\"potentialAction\":[{\"@type\":\"ReadAction\",\"target\":[\"https:\\\/\\\/mondesirdailleurs.fr\\\/privacy-policy\\\/\"]}]},{\"@type\":\"BreadcrumbList\",\"@id\":\"https:\\\/\\\/mondesirdailleurs.fr\\\/privacy-policy\\\/#breadcrumb\",\"itemListElement\":[{\"@type\":\"ListItem\",\"position\":1,\"name\":\"Accueil\",\"item\":\"https:\\\/\\\/mondesirdailleurs.fr\\\/\"},{\"@type\":\"ListItem\",\"position\":2,\"name\":\"Politique de Confidentialit\u00e9\"}]},{\"@type\":\"WebSite\",\"@id\":\"https:\\\/\\\/mondesirdailleurs.fr\\\/#website\",\"url\":\"https:\\\/\\\/mondesirdailleurs.fr\\\/\",\"name\":\"mon d\u00e9sir d&#039;ailleurs\",\"description\":\"mon d\u00e9sir d&#039;ailleurs\",\"potentialAction\":[{\"@type\":\"SearchAction\",\"target\":{\"@type\":\"EntryPoint\",\"urlTemplate\":\"https:\\\/\\\/mondesirdailleurs.fr\\\/?s={search_term_string}\"},\"query-input\":{\"@type\":\"PropertyValueSpecification\",\"valueRequired\":true,\"valueName\":\"search_term_string\"}}],\"inLanguage\":\"en-US\"}]}<\/script>\n<!-- \/ Yoast SEO plugin. -->","yoast_head_json":{"title":"Politique de Confidentialit\u00e9 - mon d\u00e9sir d&#039;ailleurs","robots":{"index":"index","follow":"follow","max-snippet":"max-snippet:-1","max-image-preview":"max-image-preview:large","max-video-preview":"max-video-preview:-1"},"canonical":"https:\/\/mondesirdailleurs.fr\/en\/privacy-policy\/","og_locale":"en_US","og_type":"article","og_title":"Politique de Confidentialit\u00e9 - mon d\u00e9sir d&#039;ailleurs","og_url":"https:\/\/mondesirdailleurs.fr\/en\/privacy-policy\/","og_site_name":"mon d\u00e9sir d&#039;ailleurs","article_modified_time":"2025-10-02T20:23:50+00:00","twitter_card":"summary_large_image","twitter_misc":{"Est. reading time":"4 minutes"},"schema":{"@context":"https:\/\/schema.org","@graph":[{"@type":"WebPage","@id":"https:\/\/mondesirdailleurs.fr\/privacy-policy\/","url":"https:\/\/mondesirdailleurs.fr\/privacy-policy\/","name":"Politique de Confidentialit\u00e9 - mon d\u00e9sir d&#039;ailleurs","isPartOf":{"@id":"https:\/\/mondesirdailleurs.fr\/#website"},"datePublished":"2024-11-04T13:02:37+00:00","dateModified":"2025-10-02T20:23:50+00:00","breadcrumb":{"@id":"https:\/\/mondesirdailleurs.fr\/privacy-policy\/#breadcrumb"},"inLanguage":"en-US","potentialAction":[{"@type":"ReadAction","target":["https:\/\/mondesirdailleurs.fr\/privacy-policy\/"]}]},{"@type":"BreadcrumbList","@id":"https:\/\/mondesirdailleurs.fr\/privacy-policy\/#breadcrumb","itemListElement":[{"@type":"ListItem","position":1,"name":"Accueil","item":"https:\/\/mondesirdailleurs.fr\/"},{"@type":"ListItem","position":2,"name":"Politique de Confidentialit\u00e9"}]},{"@type":"WebSite","@id":"https:\/\/mondesirdailleurs.fr\/#website","url":"https:\/\/mondesirdailleurs.fr\/","name":"mon d\u00e9sir d&#039;ailleurs","description":"mon d\u00e9sir d&#039;ailleurs","potentialAction":[{"@type":"SearchAction","target":{"@type":"EntryPoint","urlTemplate":"https:\/\/mondesirdailleurs.fr\/?s={search_term_string}"},"query-input":{"@type":"PropertyValueSpecification","valueRequired":true,"valueName":"search_term_string"}}],"inLanguage":"en-US"}]}},"_links":{"self":[{"href":"https:\/\/mondesirdailleurs.fr\/en\/wp-json\/wp\/v2\/pages\/3","targetHints":{"allow":["GET"]}}],"collection":[{"href":"https:\/\/mondesirdailleurs.fr\/en\/wp-json\/wp\/v2\/pages"}],"about":[{"href":"https:\/\/mondesirdailleurs.fr\/en\/wp-json\/wp\/v2\/types\/page"}],"author":[{"embeddable":true,"href":"https:\/\/mondesirdailleurs.fr\/en\/wp-json\/wp\/v2\/users\/1"}],"replies":[{"embeddable":true,"href":"https:\/\/mondesirdailleurs.fr\/en\/wp-json\/wp\/v2\/comments?post=3"}],"version-history":[{"count":6,"href":"https:\/\/mondesirdailleurs.fr\/en\/wp-json\/wp\/v2\/pages\/3\/revisions"}],"predecessor-version":[{"id":1433,"href":"https:\/\/mondesirdailleurs.fr\/en\/wp-json\/wp\/v2\/pages\/3\/revisions\/1433"}],"wp:attachment":[{"href":"https:\/\/mondesirdailleurs.fr\/en\/wp-json\/wp\/v2\/media?parent=3"}],"curies":[{"name":"wp","href":"https:\/\/api.w.org\/{rel}","templated":true}]}}