{"id":615,"date":"2024-11-22T10:44:25","date_gmt":"2024-11-22T10:44:25","guid":{"rendered":"https:\/\/mondesirdailleurs.fr\/?page_id=615"},"modified":"2025-10-02T14:27:36","modified_gmt":"2025-10-02T14:27:36","slug":"conditions-generales-cgv-cgu","status":"publish","type":"page","link":"https:\/\/mondesirdailleurs.fr\/en\/conditions-generales-cgv-cgu\/","title":{"rendered":"CONDITIONS G\u00c9N\u00c9RALES (CGV &amp; CGU)"},"content":{"rendered":"<div id=\"fws_69f6478f1db38\"  data-column-margin=\"default\" data-midnight=\"dark\"  class=\"wpb_row vc_row-fluid vc_row\"  style=\"padding-top: 0px; padding-bottom: 0px; \"><div class=\"row-bg-wrap\" data-bg-animation=\"none\" data-bg-animation-delay=\"\" data-bg-overlay=\"false\"><div class=\"inner-wrap row-bg-layer\" ><div class=\"row-bg viewport-desktop\"  style=\"\"><\/div><\/div><\/div><div class=\"row_col_wrap_12 col span_12 dark left\">\n\t<div  class=\"vc_col-sm-12 wpb_column column_container vc_column_container col no-extra-padding inherit_tablet inherit_phone\"  data-padding-pos=\"all\" data-has-bg-color=\"false\" data-bg-color=\"\" data-bg-opacity=\"1\" data-animation=\"\" data-delay=\"0\" >\n\t\t<div class=\"vc_column-inner\" >\n\t\t\t<div class=\"wpb_wrapper\">\n\t\t\t\t<div class=\"nectar-responsive-text nectar-link-underline-effect\" style=\"color: #31603d;\"><h1>CONDITIONS G\u00c9N\u00c9RALES (CGV &amp; CGU)<\/h1>\n<\/div>\n<div class=\"wpb_text_column wpb_content_element\" >\n\t<div class=\"wpb_wrapper\">\n\t\t<h2>Conditions G\u00e9n\u00e9rales de Vente (CGV)<\/h2>\n<h3>1. Pr\u00e9sentation de l&rsquo;entreprise<\/h3>\n<ul>\n<li><strong>Nom de l&rsquo;entreprise<\/strong> : Nathalie Beltrando Travel Planner<\/li>\n<li><strong>Adresse<\/strong> : 27 chemin saint antoine, 06530 Sp\u00e9rac\u00e8des, France<\/li>\n<li><strong>T\u00e9l\u00e9phone<\/strong> : 07 86 62 11 26<\/li>\n<li><strong>Email<\/strong> : nathalie@mondesirdailleurs.fr<\/li>\n<li><strong>Num\u00e9ro SIRET<\/strong> : 498 287 515 00072<\/li>\n<li><strong>Statut juridique<\/strong> : Auto-entrepreneur (r\u00e9gime micro au r\u00e9el)<\/li>\n<li><strong>Site internet<\/strong> : https:\/\/mondesirdailleurs.fr<\/li>\n<\/ul>\n<h3>2. Objet des CGV<\/h3>\n<p>Les pr\u00e9sentes conditions g\u00e9n\u00e9rales de vente r\u00e9gissent les relations contractuelles entre Nathalie<br \/>\nBeltrando, en qualit\u00e9 de travel planner, et ses clients. Les services propos\u00e9s incluent :<\/p>\n<ul>\n<li>Conseil en organisation de voyages sur mesure<\/li>\n<li>Planification d&rsquo;itin\u00e9raires et de s\u00e9jours<\/li>\n<li>Accompagnement personnalis\u00e9 avant, pendant et apr\u00e8s le voyage<\/li>\n<li>Service de conciergerie<\/li>\n<\/ul>\n<h3>3. Prestations de services<\/h3>\n<p>Les prestations sont fournies exclusivement sur devis personnalis\u00e9, \u00e9tabli apr\u00e8s un premier rendez-<br \/>\nvous gratuit, par t\u00e9l\u00e9phone ou t\u00e9l\u00e9consultation.<\/p>\n<h3>4. Modalit\u00e9s de commande<\/h3>\n<ul>\n<li><span class=\"a_GcMg font-feature-liga-off font-feature-clig-off font-feature-calt-off text-decoration-none text-strikethrough-none\">Le devis est valable 7 \u00e0 10 jours \u00e0 compter de sa date d\u2019\u00e9mission.<\/span><\/li>\n<li><span class=\"a_GcMg font-feature-liga-off font-feature-clig-off font-feature-calt-off text-decoration-none text-strikethrough-none\">Les prestations d\u00e9buteront uniquement apr\u00e8s validation \u00e9crite du devis et r\u00e9ception de l\u2019acompte.<\/span><\/li>\n<\/ul>\n<h3>5. Tarifs et modalit\u00e9s de paiement<\/h3>\n<ul>\n<li>Les tarifs sont exprim\u00e9s en euros (\u20ac) et sont nets de TVA (TVA non applicable, article 293 B du CGI).<\/li>\n<li><strong>Paiement<\/strong> :<br \/>\n&#8211; Un acompte de 30 % du montant total de la prestation est demand\u00e9 \u00e0 la signature du<br \/>\ndevis.<br \/>\n&#8211; Le solde est payable avant la remise du carnet de voyage ou selon les modalit\u00e9s<br \/>\nconvenues dans le devis.<br \/>\n&#8211; Moyens de paiement : virement bancaire ou autre moyen convenu.<\/li>\n<\/ul>\n<h3>6. Conditions d&rsquo;annulation et de remboursement<\/h3>\n<h4>\u00a0 \u00a0 \u00a0A. R\u00e9tractation<\/h4>\n<ul>\n<li>Conform\u00e9ment \u00e0 l&rsquo;article L. 221-18 du Code de la consommation, le client dispose d\u2019un d\u00e9lai de r\u00e9tractation de 14 jours apr\u00e8s la signature du devis.<\/li>\n<li>En cas de r\u00e9tractation pendant cette p\u00e9riode, les sommes vers\u00e9es seront rembours\u00e9es int\u00e9gralement.<\/li>\n<li>Si le client renonce express\u00e9ment \u00e0 son droit de r\u00e9tractation pour que les prestations commencent imm\u00e9diatement, ou si le d\u00e9lai de r\u00e9tractation est d\u00e9pass\u00e9, les modalit\u00e9s ci-dessous s\u2019appliquent.<\/li>\n<\/ul>\n<h4>\u00a0 \u00a0 \u00a0 B. Annulation par le client apr\u00e8s la signature et le d\u00e9but des prestations<\/h4>\n<ul>\n<li><span class=\"a_GcMg font-feature-liga-off font-feature-clig-off font-feature-calt-off text-decoration-none text-strikethrough-none\">Pour les s\u00e9jours \u00e0 moins de 5 jours : aucun remboursement des sommes engag\u00e9es (travail consid\u00e9r\u00e9 comme achev\u00e9 rapidement apr\u00e8s la signature).<\/span><\/li>\n<li><span class=\"a_GcMg font-feature-liga-off font-feature-clig-off font-feature-calt-off text-decoration-none text-strikethrough-none\">Pour les autres prestations et au-del\u00e0 des 14 jours de r\u00e9tractation :<\/span>\n<ul>\n<li><span class=\"a_GcMg font-feature-liga-off font-feature-clig-off font-feature-calt-off text-decoration-none text-strikethrough-none\">Annulation avant l\u2019\u00e9ch\u00e9ance du premier paiement pr\u00e9vu \u00e0 la signature : remboursement de 50 % des sommes vers\u00e9es.<\/span><\/li>\n<li><span class=\"a_GcMg font-feature-liga-off font-feature-clig-off font-feature-calt-off text-decoration-none text-strikethrough-none\">Annulation apr\u00e8s l\u2019\u00e9ch\u00e9ance du premier paiement interm\u00e9diaire, ou apr\u00e8s le paiement du solde pr\u00e9vu au contrat : aucun remboursement (travail consid\u00e9r\u00e9 comme substantiellement r\u00e9alis\u00e9).<\/span><\/li>\n<\/ul>\n<\/li>\n<\/ul>\n<h4>\u00a0 \u00a0 \u00a0 \u00a0C. Achats de Roadbooks en ligne<\/h4>\n<ul>\n<li><span class=\"a_GcMg font-feature-liga-off font-feature-clig-off font-feature-calt-off text-decoration-none text-strikethrough-none\">Les achats de roadbooks en ligne ne sont pas soumis \u00e0 remboursement.<\/span><\/li>\n<\/ul>\n<h4>\u00a0 \u00a0 \u00a0 \u00a0D. Annulation par Nathalie Beltrando<\/h4>\n<p>En cas d\u2019impossibilit\u00e9 de r\u00e9aliser la prestation pour des raisons ind\u00e9pendantes de la volont\u00e9 de Nathalie Beltrando, le client sera rembours\u00e9 int\u00e9gralement des sommes vers\u00e9es.<\/p>\n<h3>7. Responsabilit\u00e9<\/h3>\n<ul>\n<li>Nathalie Beltrando s&rsquo;engage \u00e0 fournir ses services avec s\u00e9rieux et\u00a0 diligence.<\/li>\n<li class=\"cvGsUA direction-ltr align-start para-style-body\"><span class=\"a_GcMg font-feature-liga-off font-feature-clig-off font-feature-calt-off text-decoration-none text-strikethrough-none\">Sa responsabilit\u00e9 ne saurait \u00eatre engag\u00e9e pour les incidents, retards, dommages ou litiges imputables \u00e0 des prestataires tiers (transporteurs, h\u00e9bergements, activit\u00e9s, etc.).<\/span><\/li>\n<li class=\"cvGsUA direction-ltr align-start para-style-body\"><span class=\"a_GcMg font-feature-liga-off font-feature-clig-off font-feature-calt-off text-decoration-none text-strikethrough-none\">Elle ne pourra en aucun cas \u00eatre tenue responsable du comportement des participant(e)s, notamment en cas de non-respect du Code de la route, des lois en vigueur ou des consignes de s\u00e9curit\u00e9.<\/span><\/li>\n<\/ul>\n<h3>8. Mandat de r\u00e9servation<\/h3>\n<p class=\"cvGsUA direction-ltr align-start para-style-body\"><span class=\"a_GcMg font-feature-liga-off font-feature-clig-off font-feature-calt-off text-decoration-none text-strikethrough-none\">Dans le cadre de certaines prestations, certaines r\u00e9servations (h\u00e9bergements, transports, activit\u00e9s ou autres services li\u00e9s au voyage) pourront \u00eatre effectu\u00e9es, au prix co\u00fbtant et sans commission, pour le compte du client par l\u2019association partenaire Univers Motards, agissant comme mandataire.<\/span><\/p>\n<p class=\"cvGsUA direction-ltr align-start para-style-body\"><span class=\"a_GcMg font-feature-liga-off font-feature-clig-off font-feature-calt-off text-decoration-none text-strikethrough-none\">En validant son devis, le client donne mandat expr\u00e8s \u00e0 Mme Nathalie Beltrando (Mon D\u00e9sir d\u2019Ailleurs) et\/ou \u00e0 l\u2019association Univers Motards, pour proc\u00e9der en son nom et pour son compte auxdites r\u00e9servations, conform\u00e9ment aux conditions et tarifs mentionn\u00e9s dans le devis.<\/span><\/p>\n<h3>9.Propri\u00e9t\u00e9 intellectuelle<\/h3>\n<p>Les documents fournis (itin\u00e9raires, programmes, etc.) sont \u00e0 usage personnel et ne peuvent \u00eatre reproduits sans autorisation.<\/p>\n<h3>10. Donn\u00e9es personnelles<\/h3>\n<p>Les informations collect\u00e9es sont utilis\u00e9es uniquement pour la gestion de la relation client (voir Politique de confidentialit\u00e9).<\/p>\n<h3>11. M\u00e9diation des litiges<\/h3>\n<ul>\n<li>M\u00e9diateur : Soci\u00e9t\u00e9 de la M\u00e9diation Professionnelle (SMP)<\/li>\n<li>Site internet : https:\/\/www.mediateur-consommation-smp.fr<\/li>\n<li>Adresse : 24 rue Albert de Mun, 33000 Bordeaux, France<\/li>\n<\/ul>\n<h3>12. Droit applicable<\/h3>\n<p>Les pr\u00e9sentes CGV sont r\u00e9gies par le droit fran\u00e7ais.<\/p>\n<p>&nbsp;<\/p>\n<h2>Conditions G\u00e9n\u00e9rales d\u2019Utilisation (CGU)<\/h2>\n<h3>1. Objet<\/h3>\n<p>Les pr\u00e9sentes CGU d\u00e9finissent les modalit\u00e9s d\u2019utilisation du site https:\/\/mondesirdailleurs.fr .<\/p>\n<h3>2. Acceptation des CGU<\/h3>\n<p>L\u2019acc\u00e8s au site implique l\u2019acceptation pleine et enti\u00e8re des pr\u00e9sentes CGU.<\/p>\n<h3>3. Acc\u00e8s au site<\/h3>\n<p>Le site est accessible gratuitement. Nathalie Beltrando d\u00e9cline toute responsabilit\u00e9 en cas d\u2019indisponibilit\u00e9 ou de dysfonctionnements techniques.<\/p>\n<h3>4. Propri\u00e9t\u00e9 intellectuelle<\/h3>\n<p>Le contenu du site (textes, images, vid\u00e9os) est prot\u00e9g\u00e9. Toute reproduction est interdite sans autorisation.<\/p>\n<h3>5. Commentaires sur le blog<\/h3>\n<ul>\n<li>Les utilisateurs peuvent commenter les articles du blog.<\/li>\n<li>R\u00e8gles : Les propos injurieux, discriminatoires ou ill\u00e9gaux sont interdits. Les commentaires<br \/>\npublicitaires sans autorisation sont proscrits.<\/li>\n<li>Mod\u00e9ration : Nathalie Beltrando se r\u00e9serve le droit de supprimer tout commentaire non<br \/>\nconforme.<\/li>\n<\/ul>\n<h3>6. Donn\u00e9es personnelles<\/h3>\n<p>Les donn\u00e9es collect\u00e9es via les commentaires sont trait\u00e9es conform\u00e9ment \u00e0 la Politique de confidentialit\u00e9 .<\/p>\n<h3>7. Responsabilit\u00e9<\/h3>\n<p>L&rsquo;utilisateur est responsable des contenus qu\u2019il publie.<\/p>\n<h3>8. Modification des CGU<\/h3>\n<p>Nathalie Beltrando se r\u00e9serve le droit de modifier les CGU \u00e0 tout moment.<\/p>\n<h3>9. Droit applicable<\/h3>\n<p>Les pr\u00e9sentes CGU sont r\u00e9gies par le droit fran\u00e7ais.<\/p>\n\t<\/div>\n<\/div>\n\n\n\n\n\t\t\t<\/div> \n\t\t<\/div>\n\t<\/div> \n<\/div><\/div>","protected":false},"excerpt":{"rendered":"CONDITIONS G\u00c9N\u00c9RALES (CGV &amp; CGU) Conditions G\u00e9n\u00e9rales de Vente (CGV) 1. Pr\u00e9sentation de l'entreprise Nom de l'entreprise : Nathalie Beltrando Travel Planner Adresse : 27 chemin saint antoine, 06530 Sp\u00e9rac\u00e8des,...","protected":false},"author":1,"featured_media":0,"parent":0,"menu_order":0,"comment_status":"closed","ping_status":"closed","template":"","meta":{"_joinchat":[],"footnotes":""},"class_list":["post-615","page","type-page","status-publish"],"yoast_head":"<!-- This site is optimized with the Yoast SEO plugin v27.4 - https:\/\/yoast.com\/product\/yoast-seo-wordpress\/ -->\n<title>CONDITIONS G\u00c9N\u00c9RALES (CGV &amp; CGU) - mon d\u00e9sir d&#039;ailleurs<\/title>\n<meta name=\"robots\" content=\"index, follow, max-snippet:-1, max-image-preview:large, max-video-preview:-1\" \/>\n<link rel=\"canonical\" href=\"https:\/\/mondesirdailleurs.fr\/en\/conditions-generales-cgv-cgu\/\" \/>\n<meta property=\"og:locale\" content=\"en_US\" \/>\n<meta property=\"og:type\" content=\"article\" \/>\n<meta property=\"og:title\" content=\"CONDITIONS G\u00c9N\u00c9RALES (CGV &amp; CGU) - mon d\u00e9sir d&#039;ailleurs\" \/>\n<meta property=\"og:url\" content=\"https:\/\/mondesirdailleurs.fr\/en\/conditions-generales-cgv-cgu\/\" \/>\n<meta property=\"og:site_name\" content=\"mon d\u00e9sir d&#039;ailleurs\" \/>\n<meta property=\"article:modified_time\" content=\"2025-10-02T14:27:36+00:00\" \/>\n<meta name=\"twitter:card\" content=\"summary_large_image\" \/>\n<script type=\"application\/ld+json\" class=\"yoast-schema-graph\">{\"@context\":\"https:\\\/\\\/schema.org\",\"@graph\":[{\"@type\":\"WebPage\",\"@id\":\"https:\\\/\\\/mondesirdailleurs.fr\\\/conditions-generales-cgv-cgu\\\/\",\"url\":\"https:\\\/\\\/mondesirdailleurs.fr\\\/conditions-generales-cgv-cgu\\\/\",\"name\":\"CONDITIONS G\u00c9N\u00c9RALES (CGV &amp; CGU) - mon d\u00e9sir d&#039;ailleurs\",\"isPartOf\":{\"@id\":\"https:\\\/\\\/mondesirdailleurs.fr\\\/#website\"},\"datePublished\":\"2024-11-22T10:44:25+00:00\",\"dateModified\":\"2025-10-02T14:27:36+00:00\",\"breadcrumb\":{\"@id\":\"https:\\\/\\\/mondesirdailleurs.fr\\\/conditions-generales-cgv-cgu\\\/#breadcrumb\"},\"inLanguage\":\"en-US\",\"potentialAction\":[{\"@type\":\"ReadAction\",\"target\":[\"https:\\\/\\\/mondesirdailleurs.fr\\\/conditions-generales-cgv-cgu\\\/\"]}]},{\"@type\":\"BreadcrumbList\",\"@id\":\"https:\\\/\\\/mondesirdailleurs.fr\\\/conditions-generales-cgv-cgu\\\/#breadcrumb\",\"itemListElement\":[{\"@type\":\"ListItem\",\"position\":1,\"name\":\"Accueil\",\"item\":\"https:\\\/\\\/mondesirdailleurs.fr\\\/\"},{\"@type\":\"ListItem\",\"position\":2,\"name\":\"CONDITIONS G\u00c9N\u00c9RALES (CGV &amp; CGU)\"}]},{\"@type\":\"WebSite\",\"@id\":\"https:\\\/\\\/mondesirdailleurs.fr\\\/#website\",\"url\":\"https:\\\/\\\/mondesirdailleurs.fr\\\/\",\"name\":\"mon d\u00e9sir d&#039;ailleurs\",\"description\":\"mon d\u00e9sir d&#039;ailleurs\",\"potentialAction\":[{\"@type\":\"SearchAction\",\"target\":{\"@type\":\"EntryPoint\",\"urlTemplate\":\"https:\\\/\\\/mondesirdailleurs.fr\\\/?s={search_term_string}\"},\"query-input\":{\"@type\":\"PropertyValueSpecification\",\"valueRequired\":true,\"valueName\":\"search_term_string\"}}],\"inLanguage\":\"en-US\"}]}<\/script>\n<!-- \/ Yoast SEO plugin. -->","yoast_head_json":{"title":"CONDITIONS G\u00c9N\u00c9RALES (CGV &amp; CGU) - mon d\u00e9sir d&#039;ailleurs","robots":{"index":"index","follow":"follow","max-snippet":"max-snippet:-1","max-image-preview":"max-image-preview:large","max-video-preview":"max-video-preview:-1"},"canonical":"https:\/\/mondesirdailleurs.fr\/en\/conditions-generales-cgv-cgu\/","og_locale":"en_US","og_type":"article","og_title":"CONDITIONS G\u00c9N\u00c9RALES (CGV &amp; CGU) - mon d\u00e9sir d&#039;ailleurs","og_url":"https:\/\/mondesirdailleurs.fr\/en\/conditions-generales-cgv-cgu\/","og_site_name":"mon d\u00e9sir d&#039;ailleurs","article_modified_time":"2025-10-02T14:27:36+00:00","twitter_card":"summary_large_image","schema":{"@context":"https:\/\/schema.org","@graph":[{"@type":"WebPage","@id":"https:\/\/mondesirdailleurs.fr\/conditions-generales-cgv-cgu\/","url":"https:\/\/mondesirdailleurs.fr\/conditions-generales-cgv-cgu\/","name":"CONDITIONS G\u00c9N\u00c9RALES (CGV &amp; CGU) - mon d\u00e9sir d&#039;ailleurs","isPartOf":{"@id":"https:\/\/mondesirdailleurs.fr\/#website"},"datePublished":"2024-11-22T10:44:25+00:00","dateModified":"2025-10-02T14:27:36+00:00","breadcrumb":{"@id":"https:\/\/mondesirdailleurs.fr\/conditions-generales-cgv-cgu\/#breadcrumb"},"inLanguage":"en-US","potentialAction":[{"@type":"ReadAction","target":["https:\/\/mondesirdailleurs.fr\/conditions-generales-cgv-cgu\/"]}]},{"@type":"BreadcrumbList","@id":"https:\/\/mondesirdailleurs.fr\/conditions-generales-cgv-cgu\/#breadcrumb","itemListElement":[{"@type":"ListItem","position":1,"name":"Accueil","item":"https:\/\/mondesirdailleurs.fr\/"},{"@type":"ListItem","position":2,"name":"CONDITIONS G\u00c9N\u00c9RALES (CGV &amp; CGU)"}]},{"@type":"WebSite","@id":"https:\/\/mondesirdailleurs.fr\/#website","url":"https:\/\/mondesirdailleurs.fr\/","name":"mon d\u00e9sir d&#039;ailleurs","description":"mon d\u00e9sir d&#039;ailleurs","potentialAction":[{"@type":"SearchAction","target":{"@type":"EntryPoint","urlTemplate":"https:\/\/mondesirdailleurs.fr\/?s={search_term_string}"},"query-input":{"@type":"PropertyValueSpecification","valueRequired":true,"valueName":"search_term_string"}}],"inLanguage":"en-US"}]}},"_links":{"self":[{"href":"https:\/\/mondesirdailleurs.fr\/en\/wp-json\/wp\/v2\/pages\/615","targetHints":{"allow":["GET"]}}],"collection":[{"href":"https:\/\/mondesirdailleurs.fr\/en\/wp-json\/wp\/v2\/pages"}],"about":[{"href":"https:\/\/mondesirdailleurs.fr\/en\/wp-json\/wp\/v2\/types\/page"}],"author":[{"embeddable":true,"href":"https:\/\/mondesirdailleurs.fr\/en\/wp-json\/wp\/v2\/users\/1"}],"replies":[{"embeddable":true,"href":"https:\/\/mondesirdailleurs.fr\/en\/wp-json\/wp\/v2\/comments?post=615"}],"version-history":[{"count":4,"href":"https:\/\/mondesirdailleurs.fr\/en\/wp-json\/wp\/v2\/pages\/615\/revisions"}],"predecessor-version":[{"id":1430,"href":"https:\/\/mondesirdailleurs.fr\/en\/wp-json\/wp\/v2\/pages\/615\/revisions\/1430"}],"wp:attachment":[{"href":"https:\/\/mondesirdailleurs.fr\/en\/wp-json\/wp\/v2\/media?parent=615"}],"curies":[{"name":"wp","href":"https:\/\/api.w.org\/{rel}","templated":true}]}}